{"id":27882,"date":"2025-07-15T12:33:59","date_gmt":"2025-07-15T12:33:59","guid":{"rendered":"https:\/\/iceis.co\/?post_type=product&#038;p=27882"},"modified":"2025-08-25T18:10:16","modified_gmt":"2025-08-25T18:10:16","slug":"jalapeno-lime","status":"publish","type":"product","link":"https:\/\/iceis.co\/is\/product\/jalapeno-lime\/","title":{"rendered":"Jalape\u00f1o Lime"},"content":{"rendered":"<p>Einst\u00f6k samsetning \u2013 ICE Jalapeno Lime b\u00fd\u00f0ur upp \u00e1 einstakt<br \/>\nSamspil sterks jalapeno og brag\u00f0mikils lime. Upphafleg s\u00edtrussprengja<br \/>\naf lime er b\u00e6tt vi\u00f0 af mildum hita jalapeno, sem skapar<br \/>\nhressandi og \u00f6rvandi tilfinning sem vekur upp<br \/>\nskynf\u00e6rin<\/p>","protected":false},"excerpt":{"rendered":"<p><strong>\u00cdsjalapeno lime<\/strong><br \/>\n<strong>NIK\u00d3T\u00cdNPOKAR<\/strong><\/p>\n<p>Upplif\u00f0u dj\u00f6rf bl\u00f6ndu af hita og krafti me\u00f0 ICE<br \/>\nNik\u00f3t\u00ednpokar me\u00f0 Jalapeno Lime.<\/p>","protected":false},"featured_media":28002,"comment_status":"open","ping_status":"closed","template":"","meta":[],"product_brand":[72],"product_cat":[74],"product_tag":[],"class_list":{"0":"post-27882","1":"product","2":"type-product","3":"status-publish","4":"has-post-thumbnail","6":"product_brand-ice","7":"product_cat-nicotine-pouch","8":"pa_flavor-citrus","9":"pa_strength-strong","11":"first","12":"instock","13":"featured","14":"shipping-taxable","15":"purchasable","16":"product-type-simple"},"_links":{"self":[{"href":"https:\/\/iceis.co\/is\/wp-json\/wp\/v2\/product\/27882","targetHints":{"allow":["GET"]}}],"collection":[{"href":"https:\/\/iceis.co\/is\/wp-json\/wp\/v2\/product"}],"about":[{"href":"https:\/\/iceis.co\/is\/wp-json\/wp\/v2\/types\/product"}],"replies":[{"embeddable":true,"href":"https:\/\/iceis.co\/is\/wp-json\/wp\/v2\/comments?post=27882"}],"version-history":[{"count":1,"href":"https:\/\/iceis.co\/is\/wp-json\/wp\/v2\/product\/27882\/revisions"}],"predecessor-version":[{"id":27883,"href":"https:\/\/iceis.co\/is\/wp-json\/wp\/v2\/product\/27882\/revisions\/27883"}],"wp:featuredmedia":[{"embeddable":true,"href":"https:\/\/iceis.co\/is\/wp-json\/wp\/v2\/media\/28002"}],"wp:attachment":[{"href":"https:\/\/iceis.co\/is\/wp-json\/wp\/v2\/media?parent=27882"}],"wp:term":[{"taxonomy":"product_brand","embeddable":true,"href":"https:\/\/iceis.co\/is\/wp-json\/wp\/v2\/product_brand?post=27882"},{"taxonomy":"product_cat","embeddable":true,"href":"https:\/\/iceis.co\/is\/wp-json\/wp\/v2\/product_cat?post=27882"},{"taxonomy":"product_tag","embeddable":true,"href":"https:\/\/iceis.co\/is\/wp-json\/wp\/v2\/product_tag?post=27882"}],"curies":[{"name":"wp","href":"https:\/\/api.w.org\/{rel}","templated":true}]}}