{"id":27879,"date":"2025-07-15T12:32:01","date_gmt":"2025-07-15T12:32:01","guid":{"rendered":"https:\/\/iceis.co\/?post_type=product&#038;p=27879"},"modified":"2025-08-25T18:10:08","modified_gmt":"2025-08-25T18:10:08","slug":"freeze-reaper","status":"publish","type":"product","link":"https:\/\/iceis.co\/is\/product\/freeze-reaper\/","title":{"rendered":"Freeze Reaper"},"content":{"rendered":"<p>Hver d\u00f3s inniheldur 20 mj\u00f3a poka sem eru hanna\u00f0ir til notkunar \u00e1 n\u00e6rf\u00e6rinn h\u00e1tt.<br \/>\nh\u00e6g, st\u00f6\u00f0ug losun brag\u00f0s.<br \/>\nICE Freeze Reaper 4 DOT er fullkominn fyrir notendur sem vilja k\u00e6lingu<br \/>\nMent\u00f3ltilfinning me\u00f0 mj\u00fakri og st\u00fdr\u00f0ri nik\u00f3t\u00ednupplifun<\/p>","protected":false},"excerpt":{"rendered":"<p><strong>Hressandi ment\u00f3l<\/strong><br \/>\n<strong>ME\u00d0 SP\u00d6RKU<\/strong><\/p>\n<p>ICE Freeze Reaper 4P b\u00fd\u00f0ur upp \u00e1 hressandi ment\u00f3lupplifun \u00e1samt...<br \/>\nme\u00f0 16,5 mg af nik\u00f3t\u00edni, sem veitir jafnv\u00e6gi og \u00e1n\u00e6gjulegt \u00e1fall<\/p>","protected":false},"featured_media":28001,"comment_status":"open","ping_status":"closed","template":"","meta":[],"product_brand":[72],"product_cat":[74],"product_tag":[],"class_list":{"0":"post-27879","1":"product","2":"type-product","3":"status-publish","4":"has-post-thumbnail","6":"product_brand-ice","7":"product_cat-nicotine-pouch","8":"pa_flavor-reaper","9":"pa_strength-very-strong","11":"first","12":"instock","13":"shipping-taxable","14":"purchasable","15":"product-type-simple"},"_links":{"self":[{"href":"https:\/\/iceis.co\/is\/wp-json\/wp\/v2\/product\/27879","targetHints":{"allow":["GET"]}}],"collection":[{"href":"https:\/\/iceis.co\/is\/wp-json\/wp\/v2\/product"}],"about":[{"href":"https:\/\/iceis.co\/is\/wp-json\/wp\/v2\/types\/product"}],"replies":[{"embeddable":true,"href":"https:\/\/iceis.co\/is\/wp-json\/wp\/v2\/comments?post=27879"}],"version-history":[{"count":1,"href":"https:\/\/iceis.co\/is\/wp-json\/wp\/v2\/product\/27879\/revisions"}],"predecessor-version":[{"id":27880,"href":"https:\/\/iceis.co\/is\/wp-json\/wp\/v2\/product\/27879\/revisions\/27880"}],"wp:featuredmedia":[{"embeddable":true,"href":"https:\/\/iceis.co\/is\/wp-json\/wp\/v2\/media\/28001"}],"wp:attachment":[{"href":"https:\/\/iceis.co\/is\/wp-json\/wp\/v2\/media?parent=27879"}],"wp:term":[{"taxonomy":"product_brand","embeddable":true,"href":"https:\/\/iceis.co\/is\/wp-json\/wp\/v2\/product_brand?post=27879"},{"taxonomy":"product_cat","embeddable":true,"href":"https:\/\/iceis.co\/is\/wp-json\/wp\/v2\/product_cat?post=27879"},{"taxonomy":"product_tag","embeddable":true,"href":"https:\/\/iceis.co\/is\/wp-json\/wp\/v2\/product_tag?post=27879"}],"curies":[{"name":"wp","href":"https:\/\/api.w.org\/{rel}","templated":true}]}}