{"id":27877,"date":"2025-07-15T11:56:21","date_gmt":"2025-07-15T11:56:21","guid":{"rendered":"https:\/\/iceis.co\/?post_type=product&#038;p=27877"},"modified":"2025-08-25T18:10:00","modified_gmt":"2025-08-25T18:10:00","slug":"freeze","status":"publish","type":"product","link":"https:\/\/iceis.co\/is\/product\/freeze\/","title":{"rendered":"Frysta"},"content":{"rendered":"<p>Hver d\u00f3s inniheldur 20 mj\u00f3a poka sem passa \u00f3\u00e1berandi undir<br \/>\nvaraliturinn veitir mj\u00fakan og langvarandi mintugr\u00edm.<br \/>\nICE Freeze er fullkominn kostur fyrir notendur sem kj\u00f3sa jafnv\u00e6gi<br \/>\nNik\u00f3t\u00ednupplifun \u00e1samt hreinu myntubrag\u00f0i<\/p>","protected":false},"excerpt":{"rendered":"<p><strong>SVALDUR OG JAFNV\u00c6GUR<\/strong><br \/>\n<strong>MINT UPPLIFUN<\/strong><\/p>\n<p>ICE Freeze b\u00fd\u00f0ur upp \u00e1 hressandi myntubrag\u00f0 me\u00f0<br \/>\n16,5 mg af nik\u00f3t\u00edni, sem b\u00fd\u00f0ur upp \u00e1 l\u00e1gan en samt \u00e1n\u00e6gjulegan \u00e1vinning.<\/p>","protected":false},"featured_media":27996,"comment_status":"open","ping_status":"closed","template":"","meta":[],"product_brand":[72],"product_cat":[74],"product_tag":[],"class_list":{"0":"post-27877","1":"product","2":"type-product","3":"status-publish","4":"has-post-thumbnail","6":"product_brand-ice","7":"product_cat-nicotine-pouch","8":"pa_flavor-ice","9":"pa_flavor-mint","10":"pa_strength-strong","12":"first","13":"instock","14":"featured","15":"shipping-taxable","16":"purchasable","17":"product-type-simple"},"_links":{"self":[{"href":"https:\/\/iceis.co\/is\/wp-json\/wp\/v2\/product\/27877","targetHints":{"allow":["GET"]}}],"collection":[{"href":"https:\/\/iceis.co\/is\/wp-json\/wp\/v2\/product"}],"about":[{"href":"https:\/\/iceis.co\/is\/wp-json\/wp\/v2\/types\/product"}],"replies":[{"embeddable":true,"href":"https:\/\/iceis.co\/is\/wp-json\/wp\/v2\/comments?post=27877"}],"version-history":[{"count":1,"href":"https:\/\/iceis.co\/is\/wp-json\/wp\/v2\/product\/27877\/revisions"}],"predecessor-version":[{"id":27878,"href":"https:\/\/iceis.co\/is\/wp-json\/wp\/v2\/product\/27877\/revisions\/27878"}],"wp:featuredmedia":[{"embeddable":true,"href":"https:\/\/iceis.co\/is\/wp-json\/wp\/v2\/media\/27996"}],"wp:attachment":[{"href":"https:\/\/iceis.co\/is\/wp-json\/wp\/v2\/media?parent=27877"}],"wp:term":[{"taxonomy":"product_brand","embeddable":true,"href":"https:\/\/iceis.co\/is\/wp-json\/wp\/v2\/product_brand?post=27877"},{"taxonomy":"product_cat","embeddable":true,"href":"https:\/\/iceis.co\/is\/wp-json\/wp\/v2\/product_cat?post=27877"},{"taxonomy":"product_tag","embeddable":true,"href":"https:\/\/iceis.co\/is\/wp-json\/wp\/v2\/product_tag?post=27877"}],"curies":[{"name":"wp","href":"https:\/\/api.w.org\/{rel}","templated":true}]}}