{"id":27874,"date":"2025-07-15T11:49:41","date_gmt":"2025-07-15T11:49:41","guid":{"rendered":"https:\/\/iceis.co\/?post_type=product&#038;p=27874"},"modified":"2025-08-25T18:09:52","modified_gmt":"2025-08-25T18:09:52","slug":"cool-mint","status":"publish","type":"product","link":"https:\/\/iceis.co\/is\/product\/cool-mint\/","title":{"rendered":"Flott mynta"},"content":{"rendered":"<p>Hver d\u00f3s inniheldur 20 mj\u00f3ar umb\u00fa\u00f0ir sem eru hanna\u00f0ar til notkunar \u00e1n vandkv\u00e6\u00f0a. ICE<br \/>\nCool Mint er fullkomi\u00f0 fyrir \u00fe\u00e1 sem vilja hreina og hressandi \u00e1fer\u00f0.<br \/>\nMint upplifun me\u00f0 mj\u00fakri nik\u00f3t\u00ednlosun.<\/p>","protected":false},"excerpt":{"rendered":"<p><strong>MYNTUFR\u00cdSKLEIKI<\/strong><br \/>\n<strong>ME\u00d0 MJ\u00daKUM HLAGI<\/strong><\/p>\n<p>ICE Cool Mint b\u00fd\u00f0ur upp \u00e1 sterkt og hressandi myntubrag\u00f0 me\u00f0<br \/>\n16,5 mg af nik\u00f3t\u00edni fyrir mi\u00f0lungssterkan en samt hressandi \u00e1fer\u00f0.<\/p>","protected":false},"featured_media":28000,"comment_status":"open","ping_status":"closed","template":"","meta":[],"product_brand":[72],"product_cat":[74],"product_tag":[],"class_list":{"0":"post-27874","1":"product","2":"type-product","3":"status-publish","4":"has-post-thumbnail","6":"product_brand-ice","7":"product_cat-nicotine-pouch","8":"pa_flavor-ice","9":"pa_flavor-mint","10":"pa_strength-strong","12":"first","13":"instock","14":"shipping-taxable","15":"purchasable","16":"product-type-simple"},"_links":{"self":[{"href":"https:\/\/iceis.co\/is\/wp-json\/wp\/v2\/product\/27874","targetHints":{"allow":["GET"]}}],"collection":[{"href":"https:\/\/iceis.co\/is\/wp-json\/wp\/v2\/product"}],"about":[{"href":"https:\/\/iceis.co\/is\/wp-json\/wp\/v2\/types\/product"}],"replies":[{"embeddable":true,"href":"https:\/\/iceis.co\/is\/wp-json\/wp\/v2\/comments?post=27874"}],"version-history":[{"count":1,"href":"https:\/\/iceis.co\/is\/wp-json\/wp\/v2\/product\/27874\/revisions"}],"predecessor-version":[{"id":27875,"href":"https:\/\/iceis.co\/is\/wp-json\/wp\/v2\/product\/27874\/revisions\/27875"}],"wp:featuredmedia":[{"embeddable":true,"href":"https:\/\/iceis.co\/is\/wp-json\/wp\/v2\/media\/28000"}],"wp:attachment":[{"href":"https:\/\/iceis.co\/is\/wp-json\/wp\/v2\/media?parent=27874"}],"wp:term":[{"taxonomy":"product_brand","embeddable":true,"href":"https:\/\/iceis.co\/is\/wp-json\/wp\/v2\/product_brand?post=27874"},{"taxonomy":"product_cat","embeddable":true,"href":"https:\/\/iceis.co\/is\/wp-json\/wp\/v2\/product_cat?post=27874"},{"taxonomy":"product_tag","embeddable":true,"href":"https:\/\/iceis.co\/is\/wp-json\/wp\/v2\/product_tag?post=27874"}],"curies":[{"name":"wp","href":"https:\/\/api.w.org\/{rel}","templated":true}]}}