{"id":27872,"date":"2025-07-15T11:46:15","date_gmt":"2025-07-15T11:46:15","guid":{"rendered":"https:\/\/iceis.co\/?post_type=product&#038;p=27872"},"modified":"2025-08-25T18:09:43","modified_gmt":"2025-08-25T18:09:43","slug":"cola-slush","status":"publish","type":"product","link":"https:\/\/iceis.co\/is\/product\/cola-slush\/","title":{"rendered":"Cola Slush"},"content":{"rendered":"<p>Me\u00f0 16,5 mg af nik\u00f3t\u00edni eru \u00feessir \u00feunni pokar fullkomnir fyrir...<br \/>\nnotendur sem vilja klass\u00edskt k\u00f3labrag\u00f0 \u00e1samt fulln\u00e6gjandi<br \/>\nnik\u00f3t\u00ednupplifun. Hver d\u00f3s inniheldur 20 poka, sem b\u00fd\u00f0ur upp \u00e1 st\u00f6\u00f0uga nik\u00f3t\u00ednupplifun<br \/>\nrelease of flavor and nicotine throughout the day. ICE Cola Slush is<br \/>\nTilvali\u00f0 fyrir notendur sem eru a\u00f0 leita a\u00f0 skemmtilegum og brag\u00f0g\u00f3\u00f0um nik\u00f3t\u00ednpokum.<\/p>","protected":false},"excerpt":{"rendered":"<p><strong>FR\u00cdSKANDI K\u00d3LABRAG\u00d0<\/strong><br \/>\n<strong>ME\u00d0 N\u00cdK\u00d3T\u00cdNSKOTTI<\/strong><\/p>\n<p>ICE Cola Slush 16,5 mg f\u00e6rir kunnuglega og hressandi brag\u00f0i\u00f0<br \/>\naf k\u00f3la me\u00f0 mj\u00fakum, me\u00f0alsterkum nik\u00f3t\u00ednkeim.<\/p>","protected":false},"featured_media":27999,"comment_status":"open","ping_status":"closed","template":"","meta":[],"product_brand":[72],"product_cat":[74],"product_tag":[],"class_list":{"0":"post-27872","1":"product","2":"type-product","3":"status-publish","4":"has-post-thumbnail","6":"product_brand-ice","7":"product_cat-nicotine-pouch","8":"pa_flavor-cola","9":"pa_strength-normal","11":"first","12":"instock","13":"shipping-taxable","14":"purchasable","15":"product-type-simple"},"_links":{"self":[{"href":"https:\/\/iceis.co\/is\/wp-json\/wp\/v2\/product\/27872","targetHints":{"allow":["GET"]}}],"collection":[{"href":"https:\/\/iceis.co\/is\/wp-json\/wp\/v2\/product"}],"about":[{"href":"https:\/\/iceis.co\/is\/wp-json\/wp\/v2\/types\/product"}],"replies":[{"embeddable":true,"href":"https:\/\/iceis.co\/is\/wp-json\/wp\/v2\/comments?post=27872"}],"version-history":[{"count":2,"href":"https:\/\/iceis.co\/is\/wp-json\/wp\/v2\/product\/27872\/revisions"}],"predecessor-version":[{"id":27886,"href":"https:\/\/iceis.co\/is\/wp-json\/wp\/v2\/product\/27872\/revisions\/27886"}],"wp:featuredmedia":[{"embeddable":true,"href":"https:\/\/iceis.co\/is\/wp-json\/wp\/v2\/media\/27999"}],"wp:attachment":[{"href":"https:\/\/iceis.co\/is\/wp-json\/wp\/v2\/media?parent=27872"}],"wp:term":[{"taxonomy":"product_brand","embeddable":true,"href":"https:\/\/iceis.co\/is\/wp-json\/wp\/v2\/product_brand?post=27872"},{"taxonomy":"product_cat","embeddable":true,"href":"https:\/\/iceis.co\/is\/wp-json\/wp\/v2\/product_cat?post=27872"},{"taxonomy":"product_tag","embeddable":true,"href":"https:\/\/iceis.co\/is\/wp-json\/wp\/v2\/product_tag?post=27872"}],"curies":[{"name":"wp","href":"https:\/\/api.w.org\/{rel}","templated":true}]}}