{"id":27868,"date":"2025-07-15T11:23:02","date_gmt":"2025-07-15T11:23:02","guid":{"rendered":"https:\/\/iceis.co\/?post_type=product&#038;p=27868"},"modified":"2025-08-25T18:09:19","modified_gmt":"2025-08-25T18:09:19","slug":"frost","status":"publish","type":"product","link":"https:\/\/iceis.co\/is\/product\/frost\/","title":{"rendered":"Frost"},"content":{"rendered":"<p>\u00deessir mj\u00f3u pokar eru hanna\u00f0ir til a\u00f0 bj\u00f3\u00f0a upp \u00e1 hressandi og<br \/>\n\u00e1n\u00e6gjulegt h\u00f6gg \u00e1n \u00feess a\u00f0 yfirbuga skynf\u00e6rin. Hver d\u00f3s<br \/>\nInniheldur 20 poka sem passa vel undir v\u00f6rina og tryggja \u00feannig<br \/>\nMj\u00fak losun \u00e1 k\u00f6ldu men\u00fe\u00f3lbrag\u00f0i vi\u00f0 hverja notkun. Ice Frost er<br \/>\nhi\u00f0 fullkomna val fyrir notendur sem nj\u00f3ta hressandi brag\u00f0sins af<br \/>\nMent\u00f3l para\u00f0 vi\u00f0 sterkan nik\u00f3t\u00ednkraft.<\/p>","protected":false},"excerpt":{"rendered":"<p><strong>SVALT OG<\/strong><br \/>\n<strong>Hressandi ment\u00f3l<\/strong><\/p>\n<p>Ice Frost veitir ferska og svalandi ment\u00f3ltilfinningu me\u00f0<br \/>\n22 mg af nik\u00f3t\u00edni fyrir mi\u00f0lungssterka upplifun<\/p>","protected":false},"featured_media":27997,"comment_status":"open","ping_status":"closed","template":"","meta":[],"product_brand":[72],"product_cat":[74],"product_tag":[],"class_list":{"0":"post-27868","1":"product","2":"type-product","3":"status-publish","4":"has-post-thumbnail","6":"product_brand-ice","7":"product_cat-nicotine-pouch","8":"pa_flavor-mint","9":"pa_strength-normal","11":"first","12":"instock","13":"shipping-taxable","14":"purchasable","15":"product-type-simple"},"_links":{"self":[{"href":"https:\/\/iceis.co\/is\/wp-json\/wp\/v2\/product\/27868","targetHints":{"allow":["GET"]}}],"collection":[{"href":"https:\/\/iceis.co\/is\/wp-json\/wp\/v2\/product"}],"about":[{"href":"https:\/\/iceis.co\/is\/wp-json\/wp\/v2\/types\/product"}],"replies":[{"embeddable":true,"href":"https:\/\/iceis.co\/is\/wp-json\/wp\/v2\/comments?post=27868"}],"version-history":[{"count":1,"href":"https:\/\/iceis.co\/is\/wp-json\/wp\/v2\/product\/27868\/revisions"}],"predecessor-version":[{"id":27869,"href":"https:\/\/iceis.co\/is\/wp-json\/wp\/v2\/product\/27868\/revisions\/27869"}],"wp:featuredmedia":[{"embeddable":true,"href":"https:\/\/iceis.co\/is\/wp-json\/wp\/v2\/media\/27997"}],"wp:attachment":[{"href":"https:\/\/iceis.co\/is\/wp-json\/wp\/v2\/media?parent=27868"}],"wp:term":[{"taxonomy":"product_brand","embeddable":true,"href":"https:\/\/iceis.co\/is\/wp-json\/wp\/v2\/product_brand?post=27868"},{"taxonomy":"product_cat","embeddable":true,"href":"https:\/\/iceis.co\/is\/wp-json\/wp\/v2\/product_cat?post=27868"},{"taxonomy":"product_tag","embeddable":true,"href":"https:\/\/iceis.co\/is\/wp-json\/wp\/v2\/product_tag?post=27868"}],"curies":[{"name":"wp","href":"https:\/\/api.w.org\/{rel}","templated":true}]}}