{"id":27864,"date":"2025-07-15T11:06:59","date_gmt":"2025-07-15T11:06:59","guid":{"rendered":"https:\/\/iceis.co\/?post_type=product&#038;p=27864"},"modified":"2025-08-25T14:28:23","modified_gmt":"2025-08-25T14:28:23","slug":"ice-freeze","status":"publish","type":"product","link":"https:\/\/iceis.co\/is\/product\/ice-freeze\/","title":{"rendered":"ICE Frost"},"content":{"rendered":"<p>Mj\u00f3u pokarnir tryggja n\u00e6\u00f0i \u00ed notkun og veita jafnframt mj\u00faka afgrei\u00f0slu.<br \/>\nog langvarandi ment\u00f3lreynsla. Hver d\u00f3s inniheldur 20<br \/>\npokar, sem gerir ICE Freeze fullkomna fyrir \u00fe\u00e1 sem leita a\u00f0 k\u00e6lingu<br \/>\nNik\u00f3t\u00ednpoki sem er ekki of sterkur en samt \u00e1n\u00e6gjulegur<\/p>","protected":false},"excerpt":{"rendered":"<p><strong>MENT\u00d3L HR\u00c6SING<\/strong><br \/>\n<strong>ME\u00d0 JAFNV\u00c6GUM HIT<\/strong><\/p>\n<p>ICE Freeze b\u00fd\u00f0ur upp \u00e1 hressandi ment\u00f3lbrag\u00f0 \u00e1samt<br \/>\n22 mg af nik\u00f3t\u00edni fyrir jafnv\u00e6gan, me\u00f0alsterkan \u00e1vinning<\/p>","protected":false},"featured_media":27996,"comment_status":"open","ping_status":"closed","template":"","meta":[],"product_brand":[72],"product_cat":[74],"product_tag":[],"class_list":{"0":"post-27864","1":"product","2":"type-product","3":"status-publish","4":"has-post-thumbnail","6":"product_brand-ice","7":"product_cat-nicotine-pouch","9":"first","10":"instock","11":"featured","12":"shipping-taxable","13":"purchasable","14":"product-type-simple"},"_links":{"self":[{"href":"https:\/\/iceis.co\/is\/wp-json\/wp\/v2\/product\/27864","targetHints":{"allow":["GET"]}}],"collection":[{"href":"https:\/\/iceis.co\/is\/wp-json\/wp\/v2\/product"}],"about":[{"href":"https:\/\/iceis.co\/is\/wp-json\/wp\/v2\/types\/product"}],"replies":[{"embeddable":true,"href":"https:\/\/iceis.co\/is\/wp-json\/wp\/v2\/comments?post=27864"}],"version-history":[{"count":1,"href":"https:\/\/iceis.co\/is\/wp-json\/wp\/v2\/product\/27864\/revisions"}],"predecessor-version":[{"id":27865,"href":"https:\/\/iceis.co\/is\/wp-json\/wp\/v2\/product\/27864\/revisions\/27865"}],"wp:featuredmedia":[{"embeddable":true,"href":"https:\/\/iceis.co\/is\/wp-json\/wp\/v2\/media\/27996"}],"wp:attachment":[{"href":"https:\/\/iceis.co\/is\/wp-json\/wp\/v2\/media?parent=27864"}],"wp:term":[{"taxonomy":"product_brand","embeddable":true,"href":"https:\/\/iceis.co\/is\/wp-json\/wp\/v2\/product_brand?post=27864"},{"taxonomy":"product_cat","embeddable":true,"href":"https:\/\/iceis.co\/is\/wp-json\/wp\/v2\/product_cat?post=27864"},{"taxonomy":"product_tag","embeddable":true,"href":"https:\/\/iceis.co\/is\/wp-json\/wp\/v2\/product_tag?post=27864"}],"curies":[{"name":"wp","href":"https:\/\/api.w.org\/{rel}","templated":true}]}}