{"id":27862,"date":"2025-07-15T11:02:53","date_gmt":"2025-07-15T11:02:53","guid":{"rendered":"https:\/\/iceis.co\/?post_type=product&#038;p=27862"},"modified":"2025-08-25T14:28:15","modified_gmt":"2025-08-25T14:28:15","slug":"ice-grape-x","status":"publish","type":"product","link":"https:\/\/iceis.co\/is\/product\/ice-grape-x\/","title":{"rendered":"\u00cds\u00fer\u00faga X"},"content":{"rendered":"<p>\u001fese slim-format .pouches are designed for comfortable and discreet use,<br \/>\no\u001eering a steady release of \u001davor and nicotine. Each can contains 20<br \/>\npouches, making ICE Grape perfect for users who love a fruity and \u001davorful<br \/>\nnicotine experience<\/p>","protected":false},"excerpt":{"rendered":"<p><strong>SWEET GRAPE FLAVOR<\/strong><br \/>\n<strong>WITH A NICOTINE PUNCH<\/strong><\/p>\n<p>ICE Grape 38mg combines the sweet and juicy flavor of ripe<br \/>\ngrapes with a satisfying 38mg nicotine hit<\/p>","protected":false},"featured_media":27995,"comment_status":"open","ping_status":"closed","template":"","meta":[],"product_brand":[72],"product_cat":[74],"product_tag":[],"class_list":{"0":"post-27862","1":"product","2":"type-product","3":"status-publish","4":"has-post-thumbnail","6":"product_brand-ice","7":"product_cat-nicotine-pouch","8":"pa_flavor-grape","9":"pa_strength-very-strong","11":"first","12":"instock","13":"shipping-taxable","14":"purchasable","15":"product-type-simple"},"_links":{"self":[{"href":"https:\/\/iceis.co\/is\/wp-json\/wp\/v2\/product\/27862","targetHints":{"allow":["GET"]}}],"collection":[{"href":"https:\/\/iceis.co\/is\/wp-json\/wp\/v2\/product"}],"about":[{"href":"https:\/\/iceis.co\/is\/wp-json\/wp\/v2\/types\/product"}],"replies":[{"embeddable":true,"href":"https:\/\/iceis.co\/is\/wp-json\/wp\/v2\/comments?post=27862"}],"version-history":[{"count":1,"href":"https:\/\/iceis.co\/is\/wp-json\/wp\/v2\/product\/27862\/revisions"}],"predecessor-version":[{"id":27863,"href":"https:\/\/iceis.co\/is\/wp-json\/wp\/v2\/product\/27862\/revisions\/27863"}],"wp:featuredmedia":[{"embeddable":true,"href":"https:\/\/iceis.co\/is\/wp-json\/wp\/v2\/media\/27995"}],"wp:attachment":[{"href":"https:\/\/iceis.co\/is\/wp-json\/wp\/v2\/media?parent=27862"}],"wp:term":[{"taxonomy":"product_brand","embeddable":true,"href":"https:\/\/iceis.co\/is\/wp-json\/wp\/v2\/product_brand?post=27862"},{"taxonomy":"product_cat","embeddable":true,"href":"https:\/\/iceis.co\/is\/wp-json\/wp\/v2\/product_cat?post=27862"},{"taxonomy":"product_tag","embeddable":true,"href":"https:\/\/iceis.co\/is\/wp-json\/wp\/v2\/product_tag?post=27862"}],"curies":[{"name":"wp","href":"https:\/\/api.w.org\/{rel}","templated":true}]}}