{"id":27849,"date":"2025-07-15T11:01:00","date_gmt":"2025-07-15T11:01:00","guid":{"rendered":"https:\/\/iceis.co\/?post_type=product&#038;p=27849"},"modified":"2025-08-25T14:28:06","modified_gmt":"2025-08-25T14:28:06","slug":"ice-freeze-x","status":"publish","type":"product","link":"https:\/\/iceis.co\/is\/product\/ice-freeze-x\/","title":{"rendered":"\u00cdSFR\u00ddST X"},"content":{"rendered":"<p>Mj\u00f3u pokarnir veita \u00fe\u00e6gilega og n\u00e6\u00f0i passa undir v\u00f6rina,<br \/>\ntryggir langvarandi losun brag\u00f0s og nik\u00f3t\u00edns. Hver d\u00f3s<br \/>\nInniheldur 20 poka, sem gerir ICE Freeze X a\u00f0 fullkomnu vali fyrir<br \/>\nnotendur sem nj\u00f3ta hressandi myntubrag\u00f0s \u00e1samt<br \/>\nme\u00f0alsterkt nik\u00f3t\u00edn\u00e1hrif<\/p>","protected":false},"excerpt":{"rendered":"<p><strong>K\u00d6LD MYNTA ME\u00d0<\/strong><br \/>\n<strong>\u00d6FLUGUR N\u00cdK\u00d3T\u00cdN\u00c1HRIF<\/strong><\/p>\n<p>ICE Freeze X b\u00fd\u00f0ur upp \u00e1 \u00e1kaft myntubrag\u00f0 \u00e1samt sterku<br \/>\n38 mg af nik\u00f3t\u00edni, sem veitir k\u00e6landi og38 mg af nik\u00f3t\u00edni, sem veitir k\u00e6landi og hressandi tilfinningu. hressandi tilfinningu.<\/p>","protected":false},"featured_media":27994,"comment_status":"open","ping_status":"closed","template":"","meta":[],"product_brand":[72],"product_cat":[74],"product_tag":[],"class_list":{"0":"post-27849","1":"product","2":"type-product","3":"status-publish","4":"has-post-thumbnail","6":"product_brand-ice","7":"product_cat-nicotine-pouch","8":"pa_flavor-mint","9":"pa_strength-strong","11":"first","12":"instock","13":"shipping-taxable","14":"purchasable","15":"product-type-simple"},"_links":{"self":[{"href":"https:\/\/iceis.co\/is\/wp-json\/wp\/v2\/product\/27849","targetHints":{"allow":["GET"]}}],"collection":[{"href":"https:\/\/iceis.co\/is\/wp-json\/wp\/v2\/product"}],"about":[{"href":"https:\/\/iceis.co\/is\/wp-json\/wp\/v2\/types\/product"}],"replies":[{"embeddable":true,"href":"https:\/\/iceis.co\/is\/wp-json\/wp\/v2\/comments?post=27849"}],"version-history":[{"count":1,"href":"https:\/\/iceis.co\/is\/wp-json\/wp\/v2\/product\/27849\/revisions"}],"predecessor-version":[{"id":27861,"href":"https:\/\/iceis.co\/is\/wp-json\/wp\/v2\/product\/27849\/revisions\/27861"}],"wp:featuredmedia":[{"embeddable":true,"href":"https:\/\/iceis.co\/is\/wp-json\/wp\/v2\/media\/27994"}],"wp:attachment":[{"href":"https:\/\/iceis.co\/is\/wp-json\/wp\/v2\/media?parent=27849"}],"wp:term":[{"taxonomy":"product_brand","embeddable":true,"href":"https:\/\/iceis.co\/is\/wp-json\/wp\/v2\/product_brand?post=27849"},{"taxonomy":"product_cat","embeddable":true,"href":"https:\/\/iceis.co\/is\/wp-json\/wp\/v2\/product_cat?post=27849"},{"taxonomy":"product_tag","embeddable":true,"href":"https:\/\/iceis.co\/is\/wp-json\/wp\/v2\/product_tag?post=27849"}],"curies":[{"name":"wp","href":"https:\/\/api.w.org\/{rel}","templated":true}]}}