{"id":3,"date":"2025-07-14T12:09:01","date_gmt":"2025-07-14T12:09:01","guid":{"rendered":"https:\/\/iceis.co\/?page_id=3"},"modified":"2025-07-23T13:27:02","modified_gmt":"2025-07-23T13:27:02","slug":"privacy-policy","status":"publish","type":"page","link":"https:\/\/iceis.co\/is\/privacy-policy\/","title":{"rendered":"Pers\u00f3nuverndarstefna"},"content":{"rendered":"<p>Hj\u00e1 ICEIS leggjum vi\u00f0 \u00e1herslu \u00e1 og verndum pers\u00f3nuuppl\u00fdsingar \u00fe\u00ednar. \u00deessi stefna \u00fatsk\u00fdrir hvernig vi\u00f0 me\u00f0h\u00f6ndlum g\u00f6gnin \u00fe\u00edn.<br><br>1. Vafrak\u00f6kur og gagnavernd:<br>&nbsp;&nbsp; Vi\u00f0 notum vafrak\u00f6kur til a\u00f0 b\u00e6ta upplifun \u00fe\u00edna af notkun vefs\u00ed\u00f0unnar. Me\u00f0 \u00fev\u00ed a\u00f0 nota vefs\u00ed\u00f0u okkar sam\u00feykkir \u00fe\u00fa notkun vafrak\u00f6ku.<br><br>2. Notkun vafrak\u00f6ku:<br>&nbsp;&nbsp; Vafrak\u00f6kur hj\u00e1lpa okkur a\u00f0 greina umfer\u00f0 og a\u00f0laga efni. \u00de\u00fa getur sl\u00f6kkt \u00e1 vafrak\u00f6kum \u00ed stillingum vafrans \u00fe\u00edns.<br><br>3. Pers\u00f3nuuppl\u00fdsingar:<br>&nbsp;&nbsp; \u00deegar \u00fe\u00fa hefur samband vi\u00f0 okkur g\u00e6tum vi\u00f0 safna\u00f0 nafni \u00fe\u00ednu, netfangi, s\u00edman\u00fameri e\u00f0a uppl\u00fdsingum um fyrirt\u00e6ki\u00f0 \u00feitt. Vi\u00f0 hvorki deilum n\u00e9 seljum \u00feessar uppl\u00fdsingar.<br><br>4. \u00d6ryggi og geymsla:<br>&nbsp;&nbsp; G\u00f6gnin \u00fe\u00edn eru geymd \u00e1 \u00f6ruggan h\u00e1tt og a\u00f0eins vi\u00f0urkenndir starfsmenn hafa a\u00f0gang a\u00f0 \u00feeim. Vi\u00f0 gerum r\u00e1\u00f0stafanir til a\u00f0 vernda \u00feau gegn \u00f3heimilum a\u00f0gangi.<br><br>5. Uppl\u00fdsingagj\u00f6f:<br>&nbsp;&nbsp; Vi\u00f0 birtum ekki uppl\u00fdsingar um \u00feig nema \u00fea\u00f0 s\u00e9 krafist samkv\u00e6mt l\u00f6gum.<br><br>6. A\u00f0gangur og kvartanir:<br>&nbsp;&nbsp; \u00de\u00fa getur \u00f3ska\u00f0 eftir a\u00f0gangi a\u00f0 pers\u00f3nuuppl\u00fdsingum \u00fe\u00ednum e\u00f0a sent inn kv\u00f6rtun \u00ed gegnum tengili\u00f0sey\u00f0ubla\u00f0i\u00f0 okkar.<br><br>7. \u00datgefandi og h\u00f6fundarr\u00e9ttur:<br>&nbsp;&nbsp; ICEIS \u00a9 Allur r\u00e9ttur \u00e1skilinn. Ekki m\u00e1 afrita neinn hluta \u00feessarar vefs\u00ed\u00f0u \u00e1n skriflegs leyfis.<\/p>","protected":false},"excerpt":{"rendered":"<p>At ICEIS, we value and protect your personal information. This policy explains how we handle your data. 1. Cookies &amp;<\/p>","protected":false},"author":1,"featured_media":0,"parent":0,"menu_order":0,"comment_status":"closed","ping_status":"open","template":"","meta":{"footnotes":""},"class_list":["post-3","page","type-page","status-publish","hentry"],"_links":{"self":[{"href":"https:\/\/iceis.co\/is\/wp-json\/wp\/v2\/pages\/3","targetHints":{"allow":["GET"]}}],"collection":[{"href":"https:\/\/iceis.co\/is\/wp-json\/wp\/v2\/pages"}],"about":[{"href":"https:\/\/iceis.co\/is\/wp-json\/wp\/v2\/types\/page"}],"author":[{"embeddable":true,"href":"https:\/\/iceis.co\/is\/wp-json\/wp\/v2\/users\/1"}],"replies":[{"embeddable":true,"href":"https:\/\/iceis.co\/is\/wp-json\/wp\/v2\/comments?post=3"}],"version-history":[{"count":1,"href":"https:\/\/iceis.co\/is\/wp-json\/wp\/v2\/pages\/3\/revisions"}],"predecessor-version":[{"id":27900,"href":"https:\/\/iceis.co\/is\/wp-json\/wp\/v2\/pages\/3\/revisions\/27900"}],"wp:attachment":[{"href":"https:\/\/iceis.co\/is\/wp-json\/wp\/v2\/media?parent=3"}],"curies":[{"name":"wp","href":"https:\/\/api.w.org\/{rel}","templated":true}]}}