{"id":27897,"date":"2025-07-15T13:21:24","date_gmt":"2025-07-15T13:21:24","guid":{"rendered":"https:\/\/iceis.co\/?page_id=27897"},"modified":"2025-07-23T13:27:08","modified_gmt":"2025-07-23T13:27:08","slug":"terms-and-services","status":"publish","type":"page","link":"https:\/\/iceis.co\/is\/terms-and-services\/","title":{"rendered":"Skilm\u00e1lar og \u00fej\u00f3nusta"},"content":{"rendered":"<p>Velkomin(n) \u00ed ICEIS!<br><br>Me\u00f0 \u00fev\u00ed a\u00f0 fara inn \u00e1 \u00feessa vefs\u00ed\u00f0u sam\u00feykkir \u00fe\u00fa a\u00f0 fara eftir eftirfarandi notkunarskilm\u00e1lum og vera bundinn af \u00feeim. Ef \u00fe\u00fa sam\u00feykkir ekki, vinsamlegast nota\u00f0u ekki \u00feessa vefs\u00ed\u00f0u.<br><br>1. A\u00f0eins heilds\u00f6lu:<br>&nbsp;&nbsp; ICEIS b\u00fd\u00f0ur eing\u00f6ngu upp \u00e1 v\u00f6rur \u00ed heilds\u00f6lu. L\u00e1gmarksfj\u00f6ldi p\u00f6ntunar er 30 kassar \u00ed hverri p\u00f6ntun.<br><br>2. Frambo\u00f0 \u00e1 v\u00f6ru:<br>&nbsp;&nbsp; Allar v\u00f6rur eru h\u00e1\u00f0ar frambo\u00f0i og geta veri\u00f0 teknar \u00far s\u00f6lu hven\u00e6r sem er \u00e1n fyrirvara.<br><br>3. Notkun vefs\u00ed\u00f0unnar:<br>&nbsp;&nbsp; Efni \u00feessarar vefs\u00ed\u00f0u er eing\u00f6ngu \u00e6tla\u00f0 til almennra uppl\u00fdsinga og kynningar. Ver\u00f0 eru ekki birt og pantanir eru afgreiddar \u00ed gegnum bein samskipti.<br><br>4. Hugverkar\u00e9ttur:<br>&nbsp;&nbsp; Allt efni \u00e1 \u00feessari vefs\u00ed\u00f0u, \u00fear \u00e1 me\u00f0al myndir, v\u00f6rumerki og texti, er \u00ed eigu ICEIS og m\u00e1 ekki afrita e\u00f0a endurn\u00fdta \u00e1n leyfis.<br><br>5. Gildandi l\u00f6g:<br>&nbsp;&nbsp; \u00deessir skilm\u00e1lar eru h\u00e1\u00f0ir l\u00f6gum Sameinu\u00f0u arab\u00edsku furstad\u00e6manna.<\/p>\n\n\n\n<h1 class=\"wp-block-heading\"><\/h1>","protected":false},"excerpt":{"rendered":"<p>Welcome to ICEIS! By accessing this website, you agree to comply with and be bound by the following terms and<\/p>","protected":false},"author":1,"featured_media":0,"parent":0,"menu_order":0,"comment_status":"closed","ping_status":"closed","template":"","meta":{"footnotes":""},"class_list":["post-27897","page","type-page","status-publish","hentry"],"_links":{"self":[{"href":"https:\/\/iceis.co\/is\/wp-json\/wp\/v2\/pages\/27897","targetHints":{"allow":["GET"]}}],"collection":[{"href":"https:\/\/iceis.co\/is\/wp-json\/wp\/v2\/pages"}],"about":[{"href":"https:\/\/iceis.co\/is\/wp-json\/wp\/v2\/types\/page"}],"author":[{"embeddable":true,"href":"https:\/\/iceis.co\/is\/wp-json\/wp\/v2\/users\/1"}],"replies":[{"embeddable":true,"href":"https:\/\/iceis.co\/is\/wp-json\/wp\/v2\/comments?post=27897"}],"version-history":[{"count":2,"href":"https:\/\/iceis.co\/is\/wp-json\/wp\/v2\/pages\/27897\/revisions"}],"predecessor-version":[{"id":27971,"href":"https:\/\/iceis.co\/is\/wp-json\/wp\/v2\/pages\/27897\/revisions\/27971"}],"wp:attachment":[{"href":"https:\/\/iceis.co\/is\/wp-json\/wp\/v2\/media?parent=27897"}],"curies":[{"name":"wp","href":"https:\/\/api.w.org\/{rel}","templated":true}]}}